{"id":24140,"date":"2022-11-07T14:28:23","date_gmt":"2022-11-07T13:28:23","guid":{"rendered":"https:\/\/mcomputers.cz\/modification-of-the-address-for-sending-the-christmas-present\/"},"modified":"2022-11-07T15:40:07","modified_gmt":"2022-11-07T14:40:07","slug":"modification-of-the-address-for-sending-the-christmas-present","status":"publish","type":"page","link":"https:\/\/mcomputers.cz\/en\/modification-of-the-address-for-sending-the-christmas-present\/","title":{"rendered":"Modification of the address for sending the Christmas present"},"content":{"rendered":"<section  class='av_textblock_section av-la6tiaj4-f41cf1769980dac9500fcefaeafa0aee '   itemscope=\"itemscope\" itemtype=\"https:\/\/schema.org\/CreativeWork\" ><div class='avia_textblock'  itemprop=\"text\" ><h1 style=\"text-align: center;\">\ud83c\udf84 ZM\u011aNA ADRESY \/ TELEFONU PRO DORU\u010cEN\u00cd V\u00c1NO\u010cN\u00cdHO POD\u011aKOV\u00c1N\u00cd\ud83c\udf84<\/h1>\n<\/div><\/section>\n<section  class='av_textblock_section av-av_textblock-9f1d08d208ea38101768ba4096f09dd7 '   itemscope=\"itemscope\" itemtype=\"https:\/\/schema.org\/CreativeWork\" ><div class='avia_textblock'  itemprop=\"text\" ><p class=\"wpcf7-contact-form-not-found\"><strong>Error:<\/strong> Contact form not found.<\/p>\n<\/div><\/section>\n","protected":false},"excerpt":{"rendered":"","protected":false},"author":2,"featured_media":0,"parent":0,"menu_order":0,"comment_status":"closed","ping_status":"closed","template":"","meta":{"footnotes":""},"class_list":["post-24140","page","type-page","status-publish","hentry"],"yoast_head":"<!-- This site is optimized with the Yoast SEO Premium plugin v27.0 (Yoast SEO v27.4) - https:\/\/yoast.com\/product\/yoast-seo-premium-wordpress\/ -->\n<title>Modification of the address for sending the Christmas present &#8211; M Computers s.r.o.<\/title>\n<meta name=\"robots\" content=\"index, follow, max-snippet:-1, max-image-preview:large, max-video-preview:-1\" \/>\n<link rel=\"canonical\" href=\"https:\/\/mcomputers.cz\/uprava-adresy-vanoce\/\" \/>\n<meta property=\"og:locale\" content=\"en_US\" \/>\n<meta property=\"og:type\" content=\"article\" \/>\n<meta property=\"og:title\" content=\"Modification of the address for sending the Christmas present\" \/>\n<meta property=\"og:url\" content=\"https:\/\/mcomputers.cz\/uprava-adresy-vanoce\/\" \/>\n<meta property=\"og:site_name\" content=\"M Computers s.r.o.\" \/>\n<meta property=\"article:modified_time\" content=\"2022-11-07T14:40:07+00:00\" \/>\n<meta name=\"twitter:card\" content=\"summary_large_image\" \/>\n<meta name=\"twitter:site\" content=\"@m_computers_cz\" \/>\n<meta name=\"twitter:label1\" content=\"Est. reading time\" \/>\n\t<meta name=\"twitter:data1\" content=\"1 minute\" \/>\n<script type=\"application\/ld+json\" class=\"yoast-schema-graph\">{\"@context\":\"https:\\\/\\\/schema.org\",\"@graph\":[{\"@type\":\"WebPage\",\"@id\":\"https:\\\/\\\/mcomputers.cz\\\/uprava-adresy-vanoce\\\/\",\"url\":\"https:\\\/\\\/mcomputers.cz\\\/uprava-adresy-vanoce\\\/\",\"name\":\"Modification of the address for sending the Christmas present &#8211; M Computers s.r.o.\",\"isPartOf\":{\"@id\":\"https:\\\/\\\/mcomputers.cz\\\/#website\"},\"datePublished\":\"2022-11-07T13:28:23+00:00\",\"dateModified\":\"2022-11-07T14:40:07+00:00\",\"breadcrumb\":{\"@id\":\"https:\\\/\\\/mcomputers.cz\\\/uprava-adresy-vanoce\\\/#breadcrumb\"},\"inLanguage\":\"en-US\",\"potentialAction\":[{\"@type\":\"ReadAction\",\"target\":[\"https:\\\/\\\/mcomputers.cz\\\/uprava-adresy-vanoce\\\/\"]}]},{\"@type\":\"BreadcrumbList\",\"@id\":\"https:\\\/\\\/mcomputers.cz\\\/uprava-adresy-vanoce\\\/#breadcrumb\",\"itemListElement\":[{\"@type\":\"ListItem\",\"position\":1,\"name\":\"Dom\u016f\",\"item\":\"https:\\\/\\\/mcomputers.cz\\\/en\\\/\"},{\"@type\":\"ListItem\",\"position\":2,\"name\":\"Modification of the address for sending the Christmas present\"}]},{\"@type\":\"WebSite\",\"@id\":\"https:\\\/\\\/mcomputers.cz\\\/#website\",\"url\":\"https:\\\/\\\/mcomputers.cz\\\/\",\"name\":\"M Computers s.r.o.\",\"description\":\"M Computers - V\u00e1\u0161 pr\u016fvodce sv\u011btem IT\",\"publisher\":{\"@id\":\"https:\\\/\\\/mcomputers.cz\\\/#organization\"},\"potentialAction\":[{\"@type\":\"SearchAction\",\"target\":{\"@type\":\"EntryPoint\",\"urlTemplate\":\"https:\\\/\\\/mcomputers.cz\\\/?s={search_term_string}\"},\"query-input\":{\"@type\":\"PropertyValueSpecification\",\"valueRequired\":true,\"valueName\":\"search_term_string\"}}],\"inLanguage\":\"en-US\"},{\"@type\":\"Organization\",\"@id\":\"https:\\\/\\\/mcomputers.cz\\\/#organization\",\"name\":\"M Computers s.r.o.\",\"url\":\"https:\\\/\\\/mcomputers.cz\\\/\",\"logo\":{\"@type\":\"ImageObject\",\"inLanguage\":\"en-US\",\"@id\":\"https:\\\/\\\/mcomputers.cz\\\/#\\\/schema\\\/logo\\\/image\\\/\",\"url\":\"https:\\\/\\\/mcomputers.cz\\\/wp-content\\\/uploads\\\/2021\\\/04\\\/eM.jpg\",\"contentUrl\":\"https:\\\/\\\/mcomputers.cz\\\/wp-content\\\/uploads\\\/2021\\\/04\\\/eM.jpg\",\"width\":351,\"height\":353,\"caption\":\"M Computers s.r.o.\"},\"image\":{\"@id\":\"https:\\\/\\\/mcomputers.cz\\\/#\\\/schema\\\/logo\\\/image\\\/\"},\"sameAs\":[\"https:\\\/\\\/x.com\\\/m_computers_cz\",\"https:\\\/\\\/www.linkedin.com\\\/company\\\/mcomputers\",\"https:\\\/\\\/www.youtube.com\\\/channel\\\/UCqJt59UzfU6teJL1vVHvAbw\"]}]}<\/script>\n<!-- \/ Yoast SEO Premium plugin. -->","yoast_head_json":{"title":"Modification of the address for sending the Christmas present &#8211; M Computers s.r.o.","robots":{"index":"index","follow":"follow","max-snippet":"max-snippet:-1","max-image-preview":"max-image-preview:large","max-video-preview":"max-video-preview:-1"},"canonical":"https:\/\/mcomputers.cz\/uprava-adresy-vanoce\/","og_locale":"en_US","og_type":"article","og_title":"Modification of the address for sending the Christmas present","og_url":"https:\/\/mcomputers.cz\/uprava-adresy-vanoce\/","og_site_name":"M Computers s.r.o.","article_modified_time":"2022-11-07T14:40:07+00:00","twitter_card":"summary_large_image","twitter_site":"@m_computers_cz","twitter_misc":{"Est. reading time":"1 minute"},"schema":{"@context":"https:\/\/schema.org","@graph":[{"@type":"WebPage","@id":"https:\/\/mcomputers.cz\/uprava-adresy-vanoce\/","url":"https:\/\/mcomputers.cz\/uprava-adresy-vanoce\/","name":"Modification of the address for sending the Christmas present &#8211; M Computers s.r.o.","isPartOf":{"@id":"https:\/\/mcomputers.cz\/#website"},"datePublished":"2022-11-07T13:28:23+00:00","dateModified":"2022-11-07T14:40:07+00:00","breadcrumb":{"@id":"https:\/\/mcomputers.cz\/uprava-adresy-vanoce\/#breadcrumb"},"inLanguage":"en-US","potentialAction":[{"@type":"ReadAction","target":["https:\/\/mcomputers.cz\/uprava-adresy-vanoce\/"]}]},{"@type":"BreadcrumbList","@id":"https:\/\/mcomputers.cz\/uprava-adresy-vanoce\/#breadcrumb","itemListElement":[{"@type":"ListItem","position":1,"name":"Dom\u016f","item":"https:\/\/mcomputers.cz\/en\/"},{"@type":"ListItem","position":2,"name":"Modification of the address for sending the Christmas present"}]},{"@type":"WebSite","@id":"https:\/\/mcomputers.cz\/#website","url":"https:\/\/mcomputers.cz\/","name":"M Computers s.r.o.","description":"M Computers - V\u00e1\u0161 pr\u016fvodce sv\u011btem IT","publisher":{"@id":"https:\/\/mcomputers.cz\/#organization"},"potentialAction":[{"@type":"SearchAction","target":{"@type":"EntryPoint","urlTemplate":"https:\/\/mcomputers.cz\/?s={search_term_string}"},"query-input":{"@type":"PropertyValueSpecification","valueRequired":true,"valueName":"search_term_string"}}],"inLanguage":"en-US"},{"@type":"Organization","@id":"https:\/\/mcomputers.cz\/#organization","name":"M Computers s.r.o.","url":"https:\/\/mcomputers.cz\/","logo":{"@type":"ImageObject","inLanguage":"en-US","@id":"https:\/\/mcomputers.cz\/#\/schema\/logo\/image\/","url":"https:\/\/mcomputers.cz\/wp-content\/uploads\/2021\/04\/eM.jpg","contentUrl":"https:\/\/mcomputers.cz\/wp-content\/uploads\/2021\/04\/eM.jpg","width":351,"height":353,"caption":"M Computers s.r.o."},"image":{"@id":"https:\/\/mcomputers.cz\/#\/schema\/logo\/image\/"},"sameAs":["https:\/\/x.com\/m_computers_cz","https:\/\/www.linkedin.com\/company\/mcomputers","https:\/\/www.youtube.com\/channel\/UCqJt59UzfU6teJL1vVHvAbw"]}]}},"_links":{"self":[{"href":"https:\/\/mcomputers.cz\/en\/wp-json\/wp\/v2\/pages\/24140","targetHints":{"allow":["GET"]}}],"collection":[{"href":"https:\/\/mcomputers.cz\/en\/wp-json\/wp\/v2\/pages"}],"about":[{"href":"https:\/\/mcomputers.cz\/en\/wp-json\/wp\/v2\/types\/page"}],"author":[{"embeddable":true,"href":"https:\/\/mcomputers.cz\/en\/wp-json\/wp\/v2\/users\/2"}],"replies":[{"embeddable":true,"href":"https:\/\/mcomputers.cz\/en\/wp-json\/wp\/v2\/comments?post=24140"}],"version-history":[{"count":8,"href":"https:\/\/mcomputers.cz\/en\/wp-json\/wp\/v2\/pages\/24140\/revisions"}],"predecessor-version":[{"id":24150,"href":"https:\/\/mcomputers.cz\/en\/wp-json\/wp\/v2\/pages\/24140\/revisions\/24150"}],"wp:attachment":[{"href":"https:\/\/mcomputers.cz\/en\/wp-json\/wp\/v2\/media?parent=24140"}],"curies":[{"name":"wp","href":"https:\/\/api.w.org\/{rel}","templated":true}]}}