{"id":24962,"date":"2022-12-07T09:30:29","date_gmt":"2022-12-07T08:30:29","guid":{"rendered":"https:\/\/mcomputers.cz\/gdpr\/"},"modified":"2024-10-01T12:35:01","modified_gmt":"2024-10-01T11:35:01","slug":"gdpr","status":"publish","type":"page","link":"https:\/\/mcomputers.cz\/en\/gdpr\/","title":{"rendered":"GDPR"},"content":{"rendered":"\n<style type=\"text\/css\" data-created_by=\"avia_inline_auto\" id=\"style-css-av-1q1qmfv-4d0b43bbf256d2290d078554841f347a\">\n.flex_column.av-1q1qmfv-4d0b43bbf256d2290d078554841f347a{\nborder-radius:0px 0px 0px 0px;\npadding:0px 0px 0px 0px;\n}\n<\/style>\n<div  class='flex_column av-1q1qmfv-4d0b43bbf256d2290d078554841f347a av_one_full  avia-builder-el-0  el_before_av_one_full  avia-builder-el-first  first flex_column_div av-zero-column-padding  '     ><section  class='av_textblock_section av-lbddohwi-613a399b4c3418c7ac6ba4bf24016abc '   itemscope=\"itemscope\" itemtype=\"https:\/\/schema.org\/CreativeWork\" ><div class='avia_textblock h-decor'  itemprop=\"text\" ><h2 style=\"text-align: left;\">Privacy Notice<\/h2>\n<\/div><\/section><\/div><div  class='flex_column av-153c9tn-e6232086fade57d1ceec73f28574f69c av_one_full  avia-builder-el-2  el_after_av_one_full  el_before_av_one_full  first flex_column_div  column-top-margin'     ><section  class='av_textblock_section av-lbddsqyo-86b8e549978b2d3128e31a81395f3c24 '   itemscope=\"itemscope\" itemtype=\"https:\/\/schema.org\/CreativeWork\" ><div class='avia_textblock'  itemprop=\"text\" ><h3><strong>1 Recitals<\/strong><\/h3>\n<p><strong>1.1.<\/strong> M Computers, s.r.o., a commercial company, ID No.: 26042029, with the registered office at \u00dalehlova 3100\/10, L\u00ed\u0161e\u0148, 628 00 Brno, Czech Republic, (the \u201cSeller\u201d or the \u201cController\u201d) processes personal data of customers and prospective customers for the purchase of goods or provision of services of the Seller (the \u201cCustomers\u201d, \u201cPurchaser\u201d or \u201cData subjects\u201d) in connection with its business activities.<\/p>\n<p><strong>1.2.<\/strong> The Controller hereby provides information as part of obligations introduced by Regulation (EU) 2016\/679 of the European Parliament and of the Council of 27 April 2016 on the protection of personal data (the \u201cGDPR\u201d), and in accordance with the applicable national legislation, in particular Act No. 110\/2019 Coll., on the processing of personal data. In this Privacy Notice, the Controller advises the data subjects on the processing and protection of personal data, their rights, the obligations of the Controller, as well as the duration of the processing and storage of personal data in accordance with national legislation and the GDPR.<\/p>\n<p><strong>1.3.<\/strong> Should any provision of this Privacy Notice be contrary to the law, the applicable law shall apply to the legal relationship between the Seller and the Purchaser in lieu of the unlawful provision.<\/p>\n<p><strong>1.4.<\/strong> The provisions of the Privacy Notice are publicly available on the Controller\u00b4s website and online store and may be consulted by the Data Subject at any time.<\/p>\n<p><strong>1.5.<\/strong> The version of the Privacy Notice published on the Seller\u00b4s website on the date of conclusion of the Purchase Contract shall apply. The Notice is also available at the Seller\u00b4\u00b4 s registered office and premises or electronically at <a href=\"https:\/\/www.mcomputers.cz\/\">https:\/\/www.mcomputers.cz\/ <\/a><\/p>\n<\/div><\/section><\/div><\/p>\n<div  class='flex_column av-p3m3uj-46fba38bd71213f8c3920023f214ce11 av_one_full  avia-builder-el-4  el_after_av_one_full  avia-builder-el-last  first flex_column_div  column-top-margin'     ><section  class='av_textblock_section av-lbddvwkh-41418753493b6e931d667a405f0d71fa '   itemscope=\"itemscope\" itemtype=\"https:\/\/schema.org\/CreativeWork\" ><div class='avia_textblock'  itemprop=\"text\" ><h3><strong>2 Privacy<\/strong><\/h3>\n<p><strong>CATEGORIES OF PROCESSED PERSONAL DATA<\/strong><br \/>\n<strong>2.1.<\/strong> Personal data are data provided by the Purchase to the Seller, in particular:<\/p>\n<ul>\n<li>name, surname and residence or business name and registered office of the Purchaser and contact person,<\/li>\n<li>telephone number or electronic address of the Purchaser (email),<\/li>\n<li>the recipient\u00b4s address, if not the same as the Purchaser\u00b4s address,<\/li>\n<li>ID number and VAT number if the Purchaser is a VAT payer,<\/li>\n<li>details of any services provided to the Customer, details of telephone communication, email communication, chat and SMS,<\/li>\n<li>username, password, account settings, in particular saved addresses and profiles, preferences for receiving updates about order status and special offers by email if the Purchaser registers on the store\u00b4s website,<\/li>\n<li>data about the Purchaser\u00b4s behavior on the Seller\u00b4s website, in particular the goods and services viewed, the links they click on, the way they navigate the website and scroll the screen, as well as data about the device from which they view the website, such as the IP address and the location derived from it, the identification of the device, its technical parameters such as the operating system and its version, the screen resolution, the browser used and its version, as well as data obtained from cookies and similar technologies to identify the device,<\/li>\n<li>personal data related to the use of the Seller\u00b4s call center or a visit to a store, in particular records of telephone calls with the call center, identification of messages sent by the Purchaser, including identifiers such as IP addresses, and recordings from in-store CCTV systems,<\/li>\n<li>all data provided by the Purchaser to the Seller in connection with the conclusion of the purchase contract and its performance,<br \/>\n(collectively the \u201cPersonal Data\u201d).<\/li>\n<\/ul>\n<p><strong>PURPOSE AND LEGAL GROUNDS<\/strong><br \/>\n<strong>2.2.<\/strong> The Seller processes Personal Data in accordance with the GDPR based on a statutory license under Article 6 (1) (a) and (b) GDPR for the specific purposes for which the Purchaser has consented to the processing of Personal Data and for the performance of the specific purchase contract and the rights and obligations arising therefrom, while respecting the principles of legality, fairness, transparency, limitation of purpose, data minimization, accuracy, limitation of storage, integrity and confidentiality. The Purchaser shall provide the Seller with true, accurate and complete information and shall inform the Seller in writing of any change in the information provided.<\/p>\n<p>The Controller processes the Personal Data of the Data Subject for the following purposes and for the following causes:<\/p>\n<ul>\n<li>The processing is necessary for the conclusion and performance of the contract between the Controller and the Customer, as well as for the implementation of measures taken prior to the conclusion of the contract at the request of the Customer.<\/li>\n<li>The processing is necessary for compliance with legal obligations applicable to the Controller. In particular, the Controller has the duty of prevention and prudence when concluding a contract, as well as obligations towards public authorities imposed by law.<\/li>\n<li>The processing is necessary for the purposes of protecting the legitimate interests of the Controller. The legitimate interest of the Controller may consist in exercising the rights under a purchase contract concluded between the Controller and the Customer. Commercial or other communication with the Customer in connection with the service provided or the performance of the purchase contract may also constitute the legitimate interest of the Controller.<\/li>\n<li>The processing is necessary for Controller\u00b4s marketing based on the Customer\u00b4s prior consent, in particular the sending of commercial or advertising messages (in particular current offers of goods) to the Customer\u00b4s email and the customization of the Controller\u00b4s website and online store design and offers displayed there according to the expected needs of the Customer based on the data obtained from cookies and similar technologies for device identification. The Customer has the right to withdraw his consent at any time.<\/li>\n<\/ul>\n<p><strong>OBLIGATIONS OF THE CONTROLLER<\/strong><br \/>\n<strong>2.3.<\/strong> The Seller undertakes to collect Personal Data to the extent necessary for the fulfilment of the specific purpose for which the Purchaser has given consent or where the Controller has lawful grounds for processing and for the fulfilment of the purpose of the specific purchase contract, and to process such Personal Data only in accordance with the purpose for which they were collected. In this context, the Seller undertakes in particular to:<\/p>\n<ul>\n<li>ensure that Personal Data are always processed in accordance with the GDPR, are up-to-date, accurate and true, and appropriate for purpose for which they were collected,<\/li>\n<li>take appropriate measures to provide Purchasers with all information and make all disclosures required by the GDPR in a concise, transparent, comprehensible and easily accessible manner using clear and plain language, \u2022 ensure that only authorized persons have access to Personal Data, on the basis of specific user authorizations granted exclusively to such persons,<\/li>\n<li>where external personnel of the Controller, who are not employees, require access to certain Personal Data of Customers<\/li>\n<li>in order to perform a specified agreed service provided to the Controller (e.g. accounting), provide such Personal Data only on the basis of the prior consent of the Customer and a date processing agreement concluded between the Controller and the external personnel, specifying the Personal Data of Customers to be provided and the purpose of the disclosure,<\/li>\n<li>put in place technical, organizational, personnel and other appropriate measures within the meaning of the GDPR to ensure and be able to demonstrate at any time that the processing of Personal Data is in accordance with the GDPR so that unauthorized or accidental access to, alteration, destruction or loss of, unauthorized transmission of, or other unauthorized processing of, Personal Data and data storage media containing such data, as well as other misuse of such data, is prevented, and review and update these measures as necessary,<\/li>\n<li>keep and continuously review and update records of Personal Data processing in accordance with the GDPR,<\/li>\n<li>report any data breaches to the Office for Personal Data Protection in a proper and timely manner and cooperate with the Office for Personal Data Protection to the extent necessary,<\/li>\n<li>maintain confidentiality of Personal Data and security measures which, if disclosed, would compromise Personal Data security,<\/li>\n<li>comply with other requirements imposed by the GDPR, in particular with the general principles of Personal Data processing, the duty to inform, not to Transfer Personal data to third parties without the necessary authorization, to respect the rights of Data Subjects and to provide them with the necessary cooperation in this respect.<\/li>\n<\/ul>\n<p><strong>DURATION AND MANNER OF DATA PROCESSING<\/strong><br \/>\n<strong>2.4.<\/strong> The Seller shall retain Personal Data for a period strictly necessary for the performance of contractual or legal obligations and as specified by or in accordance with applicable law. The Seller processes Personal Data in electronic form in an automated manner or in printed form in a non-automated manner. After the expiry of the given period, the Seller shall remove, i.e. permanently destroy, all Personal Data of the Purchasers on all devices and media, except where removal is not possible or where further storage is required by law or justified by the legitimate interests of the Seller.<\/p>\n<p><strong>2.5.<\/strong> The Seller may appoint a third party as a processor to process the Purchaser\u00b4s Personal Data. In addition to persons transporting goods, persons providing accounting and similar operational services to the Seller, or persons providing software and web services to the Seller, Personal Data shall be provided by the Seller to other third parties without the Purchaser\u00b4s prior consent. In such case, the Seller undertakes to ensure that a data processing agreement is signed with all third parties that shall receive Personal Data from the Seller in the relevant operational cases, in particular to ensure maximum protection of the Purchaser\u00b4s Personal Data.<\/p>\n<p><strong>2.6.<\/strong> Employees of the Seller who process Personal Data to which they have access in the performance of their duties, or third parties authorized by the Seller to process the Purchaser\u00b4s Personal Data (the \u201cProcessor\u201d), are obliged to comply with the relevant generally binding legislation (in particular the GDPR) and the internal regulations and procedures of the Seller. In particular, they are obliged to:<\/p>\n<ul>\n<li>arrange access to or otherwise process Personal Data strictly to the extent necessary for the performance of their tasks,<\/li>\n<li>maintain strict confidentiality of all Personal Data to which they have access, even after termination of employment.<\/li>\n<\/ul>\n<p><strong>2.7.<\/strong> The Purchaser is entitled in particular to:<br \/>\ninformation and access to his Personal Data in accordance with Article 15 15 of the GDPR,<\/p>\n<ul>\n<li>rectification of inaccurate data pursuant to Article 16 GDPR,<\/li>\n<li>erasure of his Personal Data pursuant to Article 17 GDPR,<\/li>\n<li>restriction of processing under Article 18 GDPR,<\/li>\n<li>the portability of Personal Data pursuant to Article 20 GDPR,<\/li>\n<li>object to the processing of Personal Data pursuant to Article 21 GDPR.<\/li>\n<\/ul>\n<p><strong>2.8.<\/strong> Customer\u00b4s Personal Data shall be stored for the duration of the contractual relationship between the Controller and the Customer and after the termination of the contractual relationship for the period of existence of the Controller\u00b4s legitimate interests. In other cases, the Personal Data shall be stored for the archiving period set by specific legal regulations, in particular the Archiving Act. In the event of judicial, administrative or other proceedings, the Controller shall process the Customer\u00b4s Personal Data to the extent necessary for the duration of such proceedings and the remaining part of the limitation period after their closure. Identification and contact details of the Controller are provided above.<\/p>\n<p>The Purchaser may exercise his rights or file a complaint in writing at the Seller\u00b4s registered office or with the Office for Personal Data Protection, ID No.: 70837627, seated at Pplk. Sochora 27, 170 00 Praha 7.<\/p>\n<\/div><\/section><\/div>\n","protected":false},"excerpt":{"rendered":"","protected":false},"author":6,"featured_media":0,"parent":0,"menu_order":0,"comment_status":"closed","ping_status":"closed","template":"","meta":{"footnotes":""},"class_list":["post-24962","page","type-page","status-publish","hentry"],"yoast_head":"<!-- This site is optimized with the Yoast SEO Premium plugin v27.0 (Yoast SEO v27.3) - https:\/\/yoast.com\/product\/yoast-seo-premium-wordpress\/ -->\n<title>GDPR &#8211; M Computers s.r.o.<\/title>\n<meta name=\"description\" content=\"General information about the processing and protection of personal data on the website of M Computers s.r.o.\" \/>\n<meta name=\"robots\" content=\"index, follow, max-snippet:-1, max-image-preview:large, max-video-preview:-1\" \/>\n<link rel=\"canonical\" href=\"https:\/\/mcomputers.cz\/gdpr\/\" \/>\n<meta property=\"og:locale\" content=\"en_US\" \/>\n<meta property=\"og:type\" content=\"article\" \/>\n<meta property=\"og:title\" content=\"GDPR\" \/>\n<meta property=\"og:description\" content=\"General information about the processing and protection of personal data on the website of M Computers s.r.o.\" \/>\n<meta property=\"og:url\" content=\"https:\/\/mcomputers.cz\/gdpr\/\" \/>\n<meta property=\"og:site_name\" content=\"M Computers s.r.o.\" \/>\n<meta property=\"article:modified_time\" content=\"2024-10-01T11:35:01+00:00\" \/>\n<meta name=\"twitter:card\" content=\"summary_large_image\" \/>\n<meta name=\"twitter:site\" content=\"@m_computers_cz\" \/>\n<meta name=\"twitter:label1\" content=\"Est. reading time\" \/>\n\t<meta name=\"twitter:data1\" content=\"11 minutes\" \/>\n<script type=\"application\/ld+json\" class=\"yoast-schema-graph\">{\"@context\":\"https:\\\/\\\/schema.org\",\"@graph\":[{\"@type\":\"WebPage\",\"@id\":\"https:\\\/\\\/mcomputers.cz\\\/gdpr\\\/\",\"url\":\"https:\\\/\\\/mcomputers.cz\\\/gdpr\\\/\",\"name\":\"GDPR &#8211; M Computers s.r.o.\",\"isPartOf\":{\"@id\":\"https:\\\/\\\/mcomputers.cz\\\/#website\"},\"datePublished\":\"2022-12-07T08:30:29+00:00\",\"dateModified\":\"2024-10-01T11:35:01+00:00\",\"description\":\"General information about the processing and protection of personal data on the website of M Computers s.r.o.\",\"breadcrumb\":{\"@id\":\"https:\\\/\\\/mcomputers.cz\\\/gdpr\\\/#breadcrumb\"},\"inLanguage\":\"en-US\",\"potentialAction\":[{\"@type\":\"ReadAction\",\"target\":[\"https:\\\/\\\/mcomputers.cz\\\/gdpr\\\/\"]}]},{\"@type\":\"BreadcrumbList\",\"@id\":\"https:\\\/\\\/mcomputers.cz\\\/gdpr\\\/#breadcrumb\",\"itemListElement\":[{\"@type\":\"ListItem\",\"position\":1,\"name\":\"Dom\u016f\",\"item\":\"https:\\\/\\\/mcomputers.cz\\\/en\\\/\"},{\"@type\":\"ListItem\",\"position\":2,\"name\":\"GDPR\"}]},{\"@type\":\"WebSite\",\"@id\":\"https:\\\/\\\/mcomputers.cz\\\/#website\",\"url\":\"https:\\\/\\\/mcomputers.cz\\\/\",\"name\":\"M Computers s.r.o.\",\"description\":\"M Computers - V\u00e1\u0161 pr\u016fvodce sv\u011btem IT\",\"publisher\":{\"@id\":\"https:\\\/\\\/mcomputers.cz\\\/#organization\"},\"potentialAction\":[{\"@type\":\"SearchAction\",\"target\":{\"@type\":\"EntryPoint\",\"urlTemplate\":\"https:\\\/\\\/mcomputers.cz\\\/?s={search_term_string}\"},\"query-input\":{\"@type\":\"PropertyValueSpecification\",\"valueRequired\":true,\"valueName\":\"search_term_string\"}}],\"inLanguage\":\"en-US\"},{\"@type\":\"Organization\",\"@id\":\"https:\\\/\\\/mcomputers.cz\\\/#organization\",\"name\":\"M Computers s.r.o.\",\"url\":\"https:\\\/\\\/mcomputers.cz\\\/\",\"logo\":{\"@type\":\"ImageObject\",\"inLanguage\":\"en-US\",\"@id\":\"https:\\\/\\\/mcomputers.cz\\\/#\\\/schema\\\/logo\\\/image\\\/\",\"url\":\"https:\\\/\\\/mcomputers.cz\\\/wp-content\\\/uploads\\\/2021\\\/04\\\/eM.jpg\",\"contentUrl\":\"https:\\\/\\\/mcomputers.cz\\\/wp-content\\\/uploads\\\/2021\\\/04\\\/eM.jpg\",\"width\":351,\"height\":353,\"caption\":\"M Computers s.r.o.\"},\"image\":{\"@id\":\"https:\\\/\\\/mcomputers.cz\\\/#\\\/schema\\\/logo\\\/image\\\/\"},\"sameAs\":[\"https:\\\/\\\/x.com\\\/m_computers_cz\",\"https:\\\/\\\/www.linkedin.com\\\/company\\\/mcomputers\",\"https:\\\/\\\/www.youtube.com\\\/channel\\\/UCqJt59UzfU6teJL1vVHvAbw\"]}]}<\/script>\n<!-- \/ Yoast SEO Premium plugin. -->","yoast_head_json":{"title":"GDPR &#8211; M Computers s.r.o.","description":"General information about the processing and protection of personal data on the website of M Computers s.r.o.","robots":{"index":"index","follow":"follow","max-snippet":"max-snippet:-1","max-image-preview":"max-image-preview:large","max-video-preview":"max-video-preview:-1"},"canonical":"https:\/\/mcomputers.cz\/gdpr\/","og_locale":"en_US","og_type":"article","og_title":"GDPR","og_description":"General information about the processing and protection of personal data on the website of M Computers s.r.o.","og_url":"https:\/\/mcomputers.cz\/gdpr\/","og_site_name":"M Computers s.r.o.","article_modified_time":"2024-10-01T11:35:01+00:00","twitter_card":"summary_large_image","twitter_site":"@m_computers_cz","twitter_misc":{"Est. reading time":"11 minutes"},"schema":{"@context":"https:\/\/schema.org","@graph":[{"@type":"WebPage","@id":"https:\/\/mcomputers.cz\/gdpr\/","url":"https:\/\/mcomputers.cz\/gdpr\/","name":"GDPR &#8211; M Computers s.r.o.","isPartOf":{"@id":"https:\/\/mcomputers.cz\/#website"},"datePublished":"2022-12-07T08:30:29+00:00","dateModified":"2024-10-01T11:35:01+00:00","description":"General information about the processing and protection of personal data on the website of M Computers s.r.o.","breadcrumb":{"@id":"https:\/\/mcomputers.cz\/gdpr\/#breadcrumb"},"inLanguage":"en-US","potentialAction":[{"@type":"ReadAction","target":["https:\/\/mcomputers.cz\/gdpr\/"]}]},{"@type":"BreadcrumbList","@id":"https:\/\/mcomputers.cz\/gdpr\/#breadcrumb","itemListElement":[{"@type":"ListItem","position":1,"name":"Dom\u016f","item":"https:\/\/mcomputers.cz\/en\/"},{"@type":"ListItem","position":2,"name":"GDPR"}]},{"@type":"WebSite","@id":"https:\/\/mcomputers.cz\/#website","url":"https:\/\/mcomputers.cz\/","name":"M Computers s.r.o.","description":"M Computers - V\u00e1\u0161 pr\u016fvodce sv\u011btem IT","publisher":{"@id":"https:\/\/mcomputers.cz\/#organization"},"potentialAction":[{"@type":"SearchAction","target":{"@type":"EntryPoint","urlTemplate":"https:\/\/mcomputers.cz\/?s={search_term_string}"},"query-input":{"@type":"PropertyValueSpecification","valueRequired":true,"valueName":"search_term_string"}}],"inLanguage":"en-US"},{"@type":"Organization","@id":"https:\/\/mcomputers.cz\/#organization","name":"M Computers s.r.o.","url":"https:\/\/mcomputers.cz\/","logo":{"@type":"ImageObject","inLanguage":"en-US","@id":"https:\/\/mcomputers.cz\/#\/schema\/logo\/image\/","url":"https:\/\/mcomputers.cz\/wp-content\/uploads\/2021\/04\/eM.jpg","contentUrl":"https:\/\/mcomputers.cz\/wp-content\/uploads\/2021\/04\/eM.jpg","width":351,"height":353,"caption":"M Computers s.r.o."},"image":{"@id":"https:\/\/mcomputers.cz\/#\/schema\/logo\/image\/"},"sameAs":["https:\/\/x.com\/m_computers_cz","https:\/\/www.linkedin.com\/company\/mcomputers","https:\/\/www.youtube.com\/channel\/UCqJt59UzfU6teJL1vVHvAbw"]}]}},"_links":{"self":[{"href":"https:\/\/mcomputers.cz\/en\/wp-json\/wp\/v2\/pages\/24962","targetHints":{"allow":["GET"]}}],"collection":[{"href":"https:\/\/mcomputers.cz\/en\/wp-json\/wp\/v2\/pages"}],"about":[{"href":"https:\/\/mcomputers.cz\/en\/wp-json\/wp\/v2\/types\/page"}],"author":[{"embeddable":true,"href":"https:\/\/mcomputers.cz\/en\/wp-json\/wp\/v2\/users\/6"}],"replies":[{"embeddable":true,"href":"https:\/\/mcomputers.cz\/en\/wp-json\/wp\/v2\/comments?post=24962"}],"version-history":[{"count":6,"href":"https:\/\/mcomputers.cz\/en\/wp-json\/wp\/v2\/pages\/24962\/revisions"}],"predecessor-version":[{"id":35099,"href":"https:\/\/mcomputers.cz\/en\/wp-json\/wp\/v2\/pages\/24962\/revisions\/35099"}],"wp:attachment":[{"href":"https:\/\/mcomputers.cz\/en\/wp-json\/wp\/v2\/media?parent=24962"}],"curies":[{"name":"wp","href":"https:\/\/api.w.org\/{rel}","templated":true}]}}