{"id":43999,"date":"2023-11-15T09:53:46","date_gmt":"2023-11-15T08:53:46","guid":{"rendered":"https:\/\/mcomputers.cz\/take-back-point-for-end-of-life-electrical-equipment-and-batteries\/"},"modified":"2025-09-03T15:02:10","modified_gmt":"2025-09-03T14:02:10","slug":"take-back-point-for-end-of-life-electrical-equipment-and-batteries","status":"publish","type":"page","link":"https:\/\/mcomputers.cz\/en\/take-back-point-for-end-of-life-electrical-equipment-and-batteries\/","title":{"rendered":"Take-back point for end-of-life electrical equipment and batteries"},"content":{"rendered":"\n<style type=\"text\/css\" data-created_by=\"avia_inline_auto\" id=\"style-css-av-v0z1wlx-0dbe208662934f2996bca8ee02d91daf\">\n.flex_column.av-v0z1wlx-0dbe208662934f2996bca8ee02d91daf{\nborder-radius:0px 0px 0px 0px;\npadding:0px 0px 0px 0px;\n}\n<\/style>\n<div  class='flex_column av-v0z1wlx-0dbe208662934f2996bca8ee02d91daf av_one_full  avia-builder-el-0  el_before_av_section  avia-builder-el-no-sibling  first flex_column_div av-zero-column-padding  '     ><section  class='av_textblock_section av-lozgpzti-71c8eeabf550d8bf53ac580d8c095105 '   itemscope=\"itemscope\" itemtype=\"https:\/\/schema.org\/CreativeWork\" ><div class='avia_textblock h-decor'  itemprop=\"text\" ><h2 style=\"text-align: left;\">Take-back point for end-of-life electrical equipment and batteries<\/h2>\n<p>We are committed to being environmentally friendly, so we offer you easy and free ways to dispose of your end-of-life electrical equipment.  <a href=\"https:\/\/mcomputers.cz\/kontakty\/#:~:text=515%20538%20138-,Pobo%C4%8Dky,-Kontaktujte%20jednu%20z\"><span style=\"text-decoration: underline;\">At all our branches, i.e. in Brno, Zl\u00edn and Prague<\/span><\/a> you have the opportunity to hand over these devices to us.<\/p>\n<p style=\"text-align: center;\">\n<\/div><\/section><\/div>\n<\/div><\/div><\/div><!-- close content main div --><\/div><\/div><div id='av_section_1'  class='avia-section av-32ok3kl-ab5e61ec56acff38dd1d7e8724e56ff5 main_color avia-section-default avia-no-border-styling  avia-builder-el-2  el_after_av_one_full  el_before_av_section  avia-bg-style-scroll container_wrap fullsize'  ><div class='container av-section-cont-open' ><div class='template-page content  av-content-full alpha units'><div class='post-entry post-entry-type-page post-entry-43999'><div class='entry-content-wrapper clearfix'>\n\n<style type=\"text\/css\" data-created_by=\"avia_inline_auto\" id=\"style-css-av-u6zzvth-fd7b258cebb755fae75b131391b5f74e\">\n.flex_column.av-u6zzvth-fd7b258cebb755fae75b131391b5f74e{\nborder-radius:0px 0px 0px 0px;\npadding:0px 0px 0px 0px;\n}\n<\/style>\n<div  class='flex_column av-u6zzvth-fd7b258cebb755fae75b131391b5f74e av_three_fourth  avia-builder-el-3  el_before_av_one_fourth  avia-builder-el-first  first flex_column_div av-zero-column-padding  '     ><section  class='av_textblock_section av-m168cia3-ae6f383fd5d4b02c1971fa6704d456d9 '   itemscope=\"itemscope\" itemtype=\"https:\/\/schema.org\/CreativeWork\" ><div class='avia_textblock h-decor'  itemprop=\"text\" ><h2>Take-back of waste electrical equipment and batteries<\/h2>\n<\/div><\/section><br \/>\n<section  class='av_textblock_section av-lozgxbor-20578213ddad47145b9d1eec32123946 '   itemscope=\"itemscope\" itemtype=\"https:\/\/schema.org\/CreativeWork\" ><div class='avia_textblock'  itemprop=\"text\" ><p>The consumer has a crucial role to play in the management of electrical appliances and portable batteries. It is they who decide what to do with the old appliance\/battery. Old and unwanted electrical appliances and batteries do not belong in unsorted municipal waste, but should be handed over to collection points, so-called take-back points, from which they are sent for reuse or recycling.   <\/p>\n<p>The consumer must be informed by the symbols below that the relevant electrical equipment\/batteries do not belong in municipal waste. All new electrical equipment\/batteries are so marked. The symbol may be indicated directly on the equipment, on its packaging or in the instructions for use or warranty card.<\/p>\n<\/div><\/section><\/p><\/div><div  class='flex_column av-tmgjihh-eb3bdc8ec149d26e4e8c59947133ebeb av_one_fourth  avia-builder-el-6  el_after_av_three_fourth  avia-builder-el-last  flex_column_div  '     ><style type=\"text\/css\" data-created_by=\"avia_inline_auto\" id=\"style-css-av-lozh50c7-b7274f64435f42580e0b30c7cbebbd71\">\n.avia-image-container.av-lozh50c7-b7274f64435f42580e0b30c7cbebbd71 img.avia_image{\nbox-shadow:none;\n}\n.avia-image-container.av-lozh50c7-b7274f64435f42580e0b30c7cbebbd71 .av-image-caption-overlay-center{\ncolor:#ffffff;\n}\n<\/style>\n<div  class='avia-image-container av-lozh50c7-b7274f64435f42580e0b30c7cbebbd71 av-styling- avia-align-center  avia-builder-el-7  avia-builder-el-no-sibling '   itemprop=\"image\" itemscope=\"itemscope\" itemtype=\"https:\/\/schema.org\/ImageObject\" ><div class=\"avia-image-container-inner\"><div class=\"avia-image-overlay-wrap\"><img decoding=\"async\" fetchpriority=\"high\" class='wp-image-27895 avia-img-lazy-loading-not-27895 avia_image ' src=\"https:\/\/mcomputers.cz\/wp-content\/uploads\/2023\/11\/REMA_symboly.png\" alt='' title='REMA_symboly'  height=\"343\" width=\"420\"  itemprop=\"thumbnailUrl\" srcset=\"https:\/\/mcomputers.cz\/wp-content\/uploads\/2023\/11\/REMA_symboly.png 420w, https:\/\/mcomputers.cz\/wp-content\/uploads\/2023\/11\/REMA_symboly-300x245.png 300w\" sizes=\"(max-width: 420px) 100vw, 420px\" \/><\/div><\/div><\/div><\/div><\/div><\/div><\/div><!-- close content main div --><\/div><\/div><div id='av_section_2'  class='avia-section av-tdlavx1-a87a0bcff81f3cd0a5f4eea3f0d78dd7 main_color avia-section-default avia-no-border-styling  avia-builder-el-8  el_after_av_section  el_before_av_one_full  avia-bg-style-scroll container_wrap fullsize'  ><div class='container av-section-cont-open' ><div class='template-page content  av-content-full alpha units'><div class='post-entry post-entry-type-page post-entry-43999'><div class='entry-content-wrapper clearfix'>\n\n<style type=\"text\/css\" data-created_by=\"avia_inline_auto\" id=\"style-css-av-stgo7jp-7df5e7c1f39a593304ae12f75a8d28e5\">\n.flex_column.av-stgo7jp-7df5e7c1f39a593304ae12f75a8d28e5{\nborder-radius:0px 0px 0px 0px;\npadding:0px 0px 0px 0px;\n}\n<\/style>\n<div  class='flex_column av-stgo7jp-7df5e7c1f39a593304ae12f75a8d28e5 av_one_half  avia-builder-el-9  el_before_av_one_half  avia-builder-el-first  first flex_column_div av-zero-column-padding  '     ><section  class='av_textblock_section av-m168d532-6de93ee53b7e98a7f57dc772b64aab3e '   itemscope=\"itemscope\" itemtype=\"https:\/\/schema.org\/CreativeWork\" ><div class='avia_textblock h-decor'  itemprop=\"text\" ><h2>How to get rid of old appliances or batteries?<\/h2>\n<\/div><\/section><br \/>\n<section  class='av_textblock_section av-lozhbiw0-1a9a2d421b8158b47afeab3c7cc2f628 '   itemscope=\"itemscope\" itemtype=\"https:\/\/schema.org\/CreativeWork\" ><div class='avia_textblock'  itemprop=\"text\" ><ul>\n<li>individuals can use the service: <span style=\"text-decoration: underline;\"><a href=\"https:\/\/www.rema.cloud\/projekt\/bud-liny\">BE LAZY<\/a><\/span> or <span style=\"text-decoration: underline;\"><a href=\"https:\/\/rebalik.cz\/\">Rebalik<\/a><\/span><\/li>\n<li>legal entities can use: <span style=\"text-decoration: underline;\"><a href=\"https:\/\/remais.rema.cloud\/Login.aspx\">Collection for registered partners<\/a><\/span><\/li>\n<li><a href=\"https:\/\/mcomputers.cz\/kontakty\/#:~:text=515%20538%20138-,Pobo%C4%8Dky,-Kontaktujte%20jednu%20z\"><span style=\"text-decoration: underline;\">at the point of sale at the address of the brick-and-mortar shop<\/span><\/a><\/li>\n<li>through the publicly accessible collection network of REMA System, a.s., which is designed for <span style=\"text-decoration: underline;\"><a href=\"https:\/\/www.rema.cloud\/o-nas#sberna-mista\">the take-back of electrical equipment<\/a><\/span><\/li>\n<li>through the publicly accessible collection network REMA Battery, s.r.o., which is designed for <span style=\"text-decoration: underline;\"><a href=\"https:\/\/remais.rema.cloud\/verejne\/testiframe.html\">battery take-back<\/a><\/span><\/li>\n<li>through a publicly accessible collection network for take-back on <span style=\"text-decoration: underline;\"><a href=\"https:\/\/visoh2.mzp.cz\/RegistrMistZO\/RegistrMistZOPublic\">Ministry of the Environment (ISOH 2)<\/a><\/span><\/li>\n<li>if you need advice, you can call the toll-free line <span style=\"text-decoration: underline;\"><a href=\"https:\/\/www.chytrarecyklace.cz\/\">Smart recycling<\/a><\/span> (800 976 679)<\/li>\n<\/ul>\n<\/div><\/section><\/p><\/div>\n<style type=\"text\/css\" data-created_by=\"avia_inline_auto\" id=\"style-css-av-row5rh1-6ebed0564c417ca613bac328e8f0d146\">\n.flex_column.av-row5rh1-6ebed0564c417ca613bac328e8f0d146{\nborder-radius:0px 0px 0px 0px;\npadding:0px 0px 0px 0px;\n}\n<\/style>\n<div  class='flex_column av-row5rh1-6ebed0564c417ca613bac328e8f0d146 av_one_half  avia-builder-el-12  el_after_av_one_half  avia-builder-el-last  flex_column_div av-zero-column-padding  '     ><section  class='av_textblock_section av-m168dio2-b5bc39a356ca7a70205b6b5fb3542a23 '   itemscope=\"itemscope\" itemtype=\"https:\/\/schema.org\/CreativeWork\" ><div class='avia_textblock h-decor'  itemprop=\"text\" ><h2>Why recycle?<\/h2>\n<\/div><\/section><br \/>\n<section  class='av_textblock_section av-lozhcrc4-46c4ef17734e90d94f35792ff97c31b7 '   itemscope=\"itemscope\" itemtype=\"https:\/\/schema.org\/CreativeWork\" ><div class='avia_textblock'  itemprop=\"text\" ><p>Not only electrical appliances, but also batteries contain many recyclable metals such as zinc, iron, manganese, nickel, cadmium and lead. Some of these substances are also very dangerous for the environment and human health, in particular mercury, lead and cadmium. Selected batteries are often marked with the symbol of the chemical element they contain (Pb, Cd, Hg).  <\/p>\n<p>By taking batteries and electrical equipment to a take-back point, we save primary raw material resources, especially by recycling the material, and at the same time protect our environment from possible improper disposal.<\/p>\n<p>Unused batteries that are not sent for recycling through take-back points but are stored, for example, in office drawers or elsewhere in homes or businesses can cause fires. Lithium batteries in particular have this property. With regard to safety, it is therefore very important to recycle used batteries as soon as possible.<\/p>\n<\/div><\/section><\/p><\/div><\/div><\/div><\/div><!-- close content main div --><\/div><\/div><div id='after_section_2'  class='main_color av_default_container_wrap container_wrap fullsize'  ><div class='container av-section-cont-open' ><div class='template-page content  av-content-full alpha units'><div class='post-entry post-entry-type-page post-entry-43999'><div class='entry-content-wrapper clearfix'>\n<style type=\"text\/css\" data-created_by=\"avia_inline_auto\" id=\"style-css-av-2fje3md-a281c55d29ac29ebfce2a3b08d3c259c\">\n.flex_column.av-2fje3md-a281c55d29ac29ebfce2a3b08d3c259c{\nborder-radius:0px 0px 0px 0px;\npadding:0px 0px 0px 0px;\n}\n<\/style>\n<div  class='flex_column av-2fje3md-a281c55d29ac29ebfce2a3b08d3c259c av_one_full  avia-builder-el-15  el_after_av_section  avia-builder-el-no-sibling  first flex_column_div av-zero-column-padding  '     ><section  class='av_textblock_section av-m168hi06-12f6844937b67de4b666da21546105b5 '   itemscope=\"itemscope\" itemtype=\"https:\/\/schema.org\/CreativeWork\" ><div class='avia_textblock h-decor'  itemprop=\"text\" ><h2>The most common types of batteries, their designation and use:<\/h2>\n<\/div><\/section><br \/>\n<div class='avia-data-table-wrap av-nl3ljxx-25927f902a6d79339373dabfc0eb2269 avia_responsive_table avia-table-1'><table  class='avia-table avia-data-table avia_pricing_default  avia-builder-el-17  el_after_av_textblock  avia-builder-el-last '  itemscope=\"itemscope\" itemtype=\"https:\/\/schema.org\/Table\" ><tbody><tr class='avia-heading-row'><th class=''>Battery type <\/th><th class=''> Common designation <\/th><th class=''>Size <\/th><th class=''> Examples of use<\/th><\/tr><tr class=''><td class=''>Alkaline<\/td><td class=''>Alkaline, Alkaline, AlMn<\/td><td class=''>AAA, AA, C, D, 6V, 9V<\/td><td class=''>Flashlights, calculators, toys, watches, smoke alarms, remote controls<\/td><\/tr><tr class=''><td class=''>Button<\/td><td class=''>Alkaline, lithium mercury, silver, zinc air<\/td><td class=''>Size varies<\/td><td class=''> Watches, hearing aids, toys,<br \/>\n greeting cards, remote controls<\/td><\/tr><tr class=''><td class=''>Zinccarbon<\/td><td class=''>Classic, Heavy Duty, Power Cell <\/td><td class=''>AAA, AA, C, D, 6V, 9V<\/td><td class=''>Flashlights, calculators, toys, watches, smoke alarms, remote controls, portable radios, door openers<\/td><\/tr><tr class=''><td class=''>Lithium<\/td><td class=''>Lithium, Lithium Ion, Li-Ion<\/td><td class=''>Size varies<\/td><td class=''>Laptops, mobile phones, digital cameras, mp3 players<\/td><\/tr><tr class=''><td class=''>Nickel-Cadmium <\/td><td class=''>Ni-Cd <\/td><td class=''>Size varies<\/td><td class=''>Cameras, hand tools, cordless phones, radios<\/td><\/tr><tr class=''><td class=''>Nickel Metal Hydride <\/td><td class=''>NiMH, Ni-Hydride <\/td><td class=''>Size varies<\/td><td class=''>Cameras, hand tools, cordless phones, radios<\/td><\/tr><tr class=''><td class=''>Lead<\/td><td class=''>SLA, gel <\/td><td class=''>2V, 6V, 12V<\/td><td class=''>UPS, wheelchairs, all-terrain vehicles, jet skis<\/td><\/tr><tr class=''><td class=''>Mercury<\/td><td class=''> Mercury, Hg, HgO <\/td><td class=''>Size varies<\/td><td class=''>Watches, hearing aids, toys, greeting cards, remote controls<\/td><\/tr><tr class=''><td class=''>Silver<\/td><td class=''> Silver, AgO<\/td><td class=''>Size varies<\/td><td class=''>Watches, hearing aids, toys, greeting cards, remote controls<\/td><\/tr><\/tbody><\/table><\/div><style type='text\/css'>.avia-table-1 td:nth-of-type(1):before { content: 'Battery type '; } .avia-table-1 td:nth-of-type(2):before { content: ' Common designation '; } .avia-table-1 td:nth-of-type(3):before { content: 'Size '; } .avia-table-1 td:nth-of-type(4):before { content: ' Examples of use'; } <\/style><\/p><\/div><\/p>\n","protected":false},"excerpt":{"rendered":"","protected":false},"author":6,"featured_media":0,"parent":0,"menu_order":0,"comment_status":"closed","ping_status":"closed","template":"","meta":{"footnotes":""},"class_list":["post-43999","page","type-page","status-publish","hentry"],"yoast_head":"<!-- This site is optimized with the Yoast SEO Premium plugin v27.0 (Yoast SEO v27.3) - https:\/\/yoast.com\/product\/yoast-seo-premium-wordpress\/ -->\n<title>Take-back point for end-of-life electrical equipment and batteries &#8211; M Computers s.r.o.<\/title>\n<meta name=\"robots\" content=\"index, follow, max-snippet:-1, max-image-preview:large, max-video-preview:-1\" \/>\n<link rel=\"canonical\" href=\"https:\/\/mcomputers.cz\/en\/take-back-point-for-end-of-life-electrical-equipment-and-batteries\/\" \/>\n<meta property=\"og:locale\" content=\"en_US\" \/>\n<meta property=\"og:type\" content=\"article\" \/>\n<meta property=\"og:title\" content=\"Take-back point for end-of-life electrical equipment and batteries\" \/>\n<meta property=\"og:url\" content=\"https:\/\/mcomputers.cz\/en\/take-back-point-for-end-of-life-electrical-equipment-and-batteries\/\" \/>\n<meta property=\"og:site_name\" content=\"M Computers s.r.o.\" \/>\n<meta property=\"article:modified_time\" content=\"2025-09-03T14:02:10+00:00\" \/>\n<meta name=\"twitter:card\" content=\"summary_large_image\" \/>\n<meta name=\"twitter:site\" content=\"@m_computers_cz\" \/>\n<meta name=\"twitter:label1\" content=\"Est. reading time\" \/>\n\t<meta name=\"twitter:data1\" content=\"19 minutes\" \/>\n<script type=\"application\/ld+json\" class=\"yoast-schema-graph\">{\"@context\":\"https:\\\/\\\/schema.org\",\"@graph\":[{\"@type\":\"WebPage\",\"@id\":\"https:\\\/\\\/mcomputers.cz\\\/en\\\/take-back-point-for-end-of-life-electrical-equipment-and-batteries\\\/\",\"url\":\"https:\\\/\\\/mcomputers.cz\\\/en\\\/take-back-point-for-end-of-life-electrical-equipment-and-batteries\\\/\",\"name\":\"Take-back point for end-of-life electrical equipment and batteries &#8211; M Computers s.r.o.\",\"isPartOf\":{\"@id\":\"https:\\\/\\\/mcomputers.cz\\\/#website\"},\"datePublished\":\"2023-11-15T08:53:46+00:00\",\"dateModified\":\"2025-09-03T14:02:10+00:00\",\"breadcrumb\":{\"@id\":\"https:\\\/\\\/mcomputers.cz\\\/en\\\/take-back-point-for-end-of-life-electrical-equipment-and-batteries\\\/#breadcrumb\"},\"inLanguage\":\"en-US\",\"potentialAction\":[{\"@type\":\"ReadAction\",\"target\":[\"https:\\\/\\\/mcomputers.cz\\\/en\\\/take-back-point-for-end-of-life-electrical-equipment-and-batteries\\\/\"]}]},{\"@type\":\"BreadcrumbList\",\"@id\":\"https:\\\/\\\/mcomputers.cz\\\/en\\\/take-back-point-for-end-of-life-electrical-equipment-and-batteries\\\/#breadcrumb\",\"itemListElement\":[{\"@type\":\"ListItem\",\"position\":1,\"name\":\"Dom\u016f\",\"item\":\"https:\\\/\\\/mcomputers.cz\\\/en\\\/\"},{\"@type\":\"ListItem\",\"position\":2,\"name\":\"Take-back point for end-of-life electrical equipment and batteries\"}]},{\"@type\":\"WebSite\",\"@id\":\"https:\\\/\\\/mcomputers.cz\\\/#website\",\"url\":\"https:\\\/\\\/mcomputers.cz\\\/\",\"name\":\"M Computers s.r.o.\",\"description\":\"M Computers - V\u00e1\u0161 pr\u016fvodce sv\u011btem IT\",\"publisher\":{\"@id\":\"https:\\\/\\\/mcomputers.cz\\\/#organization\"},\"potentialAction\":[{\"@type\":\"SearchAction\",\"target\":{\"@type\":\"EntryPoint\",\"urlTemplate\":\"https:\\\/\\\/mcomputers.cz\\\/?s={search_term_string}\"},\"query-input\":{\"@type\":\"PropertyValueSpecification\",\"valueRequired\":true,\"valueName\":\"search_term_string\"}}],\"inLanguage\":\"en-US\"},{\"@type\":\"Organization\",\"@id\":\"https:\\\/\\\/mcomputers.cz\\\/#organization\",\"name\":\"M Computers s.r.o.\",\"url\":\"https:\\\/\\\/mcomputers.cz\\\/\",\"logo\":{\"@type\":\"ImageObject\",\"inLanguage\":\"en-US\",\"@id\":\"https:\\\/\\\/mcomputers.cz\\\/#\\\/schema\\\/logo\\\/image\\\/\",\"url\":\"https:\\\/\\\/mcomputers.cz\\\/wp-content\\\/uploads\\\/2021\\\/04\\\/eM.jpg\",\"contentUrl\":\"https:\\\/\\\/mcomputers.cz\\\/wp-content\\\/uploads\\\/2021\\\/04\\\/eM.jpg\",\"width\":351,\"height\":353,\"caption\":\"M Computers s.r.o.\"},\"image\":{\"@id\":\"https:\\\/\\\/mcomputers.cz\\\/#\\\/schema\\\/logo\\\/image\\\/\"},\"sameAs\":[\"https:\\\/\\\/x.com\\\/m_computers_cz\",\"https:\\\/\\\/www.linkedin.com\\\/company\\\/mcomputers\",\"https:\\\/\\\/www.youtube.com\\\/channel\\\/UCqJt59UzfU6teJL1vVHvAbw\"]}]}<\/script>\n<!-- \/ Yoast SEO Premium plugin. -->","yoast_head_json":{"title":"Take-back point for end-of-life electrical equipment and batteries &#8211; M Computers s.r.o.","robots":{"index":"index","follow":"follow","max-snippet":"max-snippet:-1","max-image-preview":"max-image-preview:large","max-video-preview":"max-video-preview:-1"},"canonical":"https:\/\/mcomputers.cz\/en\/take-back-point-for-end-of-life-electrical-equipment-and-batteries\/","og_locale":"en_US","og_type":"article","og_title":"Take-back point for end-of-life electrical equipment and batteries","og_url":"https:\/\/mcomputers.cz\/en\/take-back-point-for-end-of-life-electrical-equipment-and-batteries\/","og_site_name":"M Computers s.r.o.","article_modified_time":"2025-09-03T14:02:10+00:00","twitter_card":"summary_large_image","twitter_site":"@m_computers_cz","twitter_misc":{"Est. reading time":"19 minutes"},"schema":{"@context":"https:\/\/schema.org","@graph":[{"@type":"WebPage","@id":"https:\/\/mcomputers.cz\/en\/take-back-point-for-end-of-life-electrical-equipment-and-batteries\/","url":"https:\/\/mcomputers.cz\/en\/take-back-point-for-end-of-life-electrical-equipment-and-batteries\/","name":"Take-back point for end-of-life electrical equipment and batteries &#8211; M Computers s.r.o.","isPartOf":{"@id":"https:\/\/mcomputers.cz\/#website"},"datePublished":"2023-11-15T08:53:46+00:00","dateModified":"2025-09-03T14:02:10+00:00","breadcrumb":{"@id":"https:\/\/mcomputers.cz\/en\/take-back-point-for-end-of-life-electrical-equipment-and-batteries\/#breadcrumb"},"inLanguage":"en-US","potentialAction":[{"@type":"ReadAction","target":["https:\/\/mcomputers.cz\/en\/take-back-point-for-end-of-life-electrical-equipment-and-batteries\/"]}]},{"@type":"BreadcrumbList","@id":"https:\/\/mcomputers.cz\/en\/take-back-point-for-end-of-life-electrical-equipment-and-batteries\/#breadcrumb","itemListElement":[{"@type":"ListItem","position":1,"name":"Dom\u016f","item":"https:\/\/mcomputers.cz\/en\/"},{"@type":"ListItem","position":2,"name":"Take-back point for end-of-life electrical equipment and batteries"}]},{"@type":"WebSite","@id":"https:\/\/mcomputers.cz\/#website","url":"https:\/\/mcomputers.cz\/","name":"M Computers s.r.o.","description":"M Computers - V\u00e1\u0161 pr\u016fvodce sv\u011btem IT","publisher":{"@id":"https:\/\/mcomputers.cz\/#organization"},"potentialAction":[{"@type":"SearchAction","target":{"@type":"EntryPoint","urlTemplate":"https:\/\/mcomputers.cz\/?s={search_term_string}"},"query-input":{"@type":"PropertyValueSpecification","valueRequired":true,"valueName":"search_term_string"}}],"inLanguage":"en-US"},{"@type":"Organization","@id":"https:\/\/mcomputers.cz\/#organization","name":"M Computers s.r.o.","url":"https:\/\/mcomputers.cz\/","logo":{"@type":"ImageObject","inLanguage":"en-US","@id":"https:\/\/mcomputers.cz\/#\/schema\/logo\/image\/","url":"https:\/\/mcomputers.cz\/wp-content\/uploads\/2021\/04\/eM.jpg","contentUrl":"https:\/\/mcomputers.cz\/wp-content\/uploads\/2021\/04\/eM.jpg","width":351,"height":353,"caption":"M Computers s.r.o."},"image":{"@id":"https:\/\/mcomputers.cz\/#\/schema\/logo\/image\/"},"sameAs":["https:\/\/x.com\/m_computers_cz","https:\/\/www.linkedin.com\/company\/mcomputers","https:\/\/www.youtube.com\/channel\/UCqJt59UzfU6teJL1vVHvAbw"]}]}},"_links":{"self":[{"href":"https:\/\/mcomputers.cz\/en\/wp-json\/wp\/v2\/pages\/43999","targetHints":{"allow":["GET"]}}],"collection":[{"href":"https:\/\/mcomputers.cz\/en\/wp-json\/wp\/v2\/pages"}],"about":[{"href":"https:\/\/mcomputers.cz\/en\/wp-json\/wp\/v2\/types\/page"}],"author":[{"embeddable":true,"href":"https:\/\/mcomputers.cz\/en\/wp-json\/wp\/v2\/users\/6"}],"replies":[{"embeddable":true,"href":"https:\/\/mcomputers.cz\/en\/wp-json\/wp\/v2\/comments?post=43999"}],"version-history":[{"count":6,"href":"https:\/\/mcomputers.cz\/en\/wp-json\/wp\/v2\/pages\/43999\/revisions"}],"predecessor-version":[{"id":44017,"href":"https:\/\/mcomputers.cz\/en\/wp-json\/wp\/v2\/pages\/43999\/revisions\/44017"}],"wp:attachment":[{"href":"https:\/\/mcomputers.cz\/en\/wp-json\/wp\/v2\/media?parent=43999"}],"curies":[{"name":"wp","href":"https:\/\/api.w.org\/{rel}","templated":true}]}}